{"id":16,"date":"2021-02-22T11:12:16","date_gmt":"2021-02-22T10:12:16","guid":{"rendered":"http:\/\/salon-campingcar-clermontferrand.fr\/?page_id=16"},"modified":"2024-10-02T11:53:59","modified_gmt":"2024-10-02T09:53:59","slug":"invitation","status":"publish","type":"page","link":"https:\/\/salon-campingcar-clermontferrand.fr\/index.php\/invitation\/","title":{"rendered":"Invitation"},"content":{"rendered":"\t\t<div data-elementor-type=\"wp-page\" data-elementor-id=\"16\" class=\"elementor elementor-16\">\n\t\t\t\t\t\t<section class=\"elementor-section elementor-top-section elementor-element elementor-element-c404e6f elementor-section-boxed elementor-section-height-default elementor-section-height-default\" data-id=\"c404e6f\" data-element_type=\"section\" data-e-type=\"section\">\n\t\t\t\t\t\t<div class=\"elementor-container elementor-column-gap-default\">\n\t\t\t\t\t<div class=\"elementor-column elementor-col-100 elementor-top-column elementor-element elementor-element-2da263a\" data-id=\"2da263a\" data-element_type=\"column\" data-e-type=\"column\">\n\t\t\t<div class=\"elementor-widget-wrap elementor-element-populated\">\n\t\t\t\t\t\t<div class=\"elementor-element elementor-element-702b8af elementor-widget elementor-widget-shortcode\" data-id=\"702b8af\" data-element_type=\"widget\" data-e-type=\"widget\" data-widget_type=\"shortcode.default\">\n\t\t\t\t<div class=\"elementor-widget-container\">\n\t\t\t\t\t\t\t<div class=\"elementor-shortcode\"><\/div>\n\t\t\t\t\t\t<\/div>\n\t\t\t\t<\/div>\n\t\t\t\t\t<\/div>\n\t\t<\/div>\n\t\t\t\t\t<\/div>\n\t\t<\/section>\n\t\t\t\t<section class=\"elementor-section elementor-top-section elementor-element elementor-element-94dae68 elementor-section-boxed elementor-section-height-default elementor-section-height-default\" data-id=\"94dae68\" data-element_type=\"section\" data-e-type=\"section\">\n\t\t\t\t\t\t<div class=\"elementor-container elementor-column-gap-default\">\n\t\t\t\t\t<div class=\"elementor-column elementor-col-100 elementor-top-column elementor-element elementor-element-ad29709\" data-id=\"ad29709\" data-element_type=\"column\" data-e-type=\"column\">\n\t\t\t<div class=\"elementor-widget-wrap elementor-element-populated\">\n\t\t\t\t\t\t<div class=\"elementor-element elementor-element-0091ade elementor-widget elementor-widget-heading\" data-id=\"0091ade\" data-element_type=\"widget\" data-e-type=\"widget\" data-widget_type=\"heading.default\">\n\t\t\t\t<div class=\"elementor-widget-container\">\n\t\t\t\t\t<h2 class=\"elementor-heading-title elementor-size-large\"><b>T\u00c9L\u00c9CHARGER MON INVITATION\n<\/b><\/h2>\t\t\t\t<\/div>\n\t\t\t\t<\/div>\n\t\t\t\t\t<\/div>\n\t\t<\/div>\n\t\t\t\t\t<\/div>\n\t\t<\/section>\n\t\t\t\t<section class=\"elementor-section elementor-top-section elementor-element elementor-element-ac3f9ce elementor-section-boxed elementor-section-height-default elementor-section-height-default\" data-id=\"ac3f9ce\" data-element_type=\"section\" data-e-type=\"section\">\n\t\t\t\t\t\t<div class=\"elementor-container elementor-column-gap-default\">\n\t\t\t\t\t<div class=\"elementor-column elementor-col-50 elementor-top-column elementor-element elementor-element-fe3ca67\" data-id=\"fe3ca67\" data-element_type=\"column\" data-e-type=\"column\">\n\t\t\t<div class=\"elementor-widget-wrap elementor-element-populated\">\n\t\t\t\t\t\t<div class=\"elementor-element elementor-element-7ea9113 elementor-widget elementor-widget-text-editor\" data-id=\"7ea9113\" data-element_type=\"widget\" data-e-type=\"widget\" data-widget_type=\"text-editor.default\">\n\t\t\t\t<div class=\"elementor-widget-container\">\n\t\t\t\t\t\t\t\t\t<p>Pour t\u00e9l\u00e9charger votre invitation gratuite au 11\u00e8me Salon du Camping-car de Clermont-Ferrand, merci de remplir le formulaire suivant.<\/p>\n<p><strong>Si vous ne trouvez pas votre invitation dans votre&nbsp;<span>boite mail<\/span>, pensez \u00e0 regarder dans vos spams.<\/strong><\/p><p><strong>Entr\u00e9e sans invitation : 2\u20ac\/personne<\/strong><strong><br><\/strong><\/p>\t\t\t\t\t\t\t\t<\/div>\n\t\t\t\t<\/div>\n\t\t\t\t<div class=\"elementor-element elementor-element-c24a11e elementor-widget elementor-widget-text-editor\" data-id=\"c24a11e\" data-element_type=\"widget\" data-e-type=\"widget\" data-widget_type=\"text-editor.default\">\n\t\t\t\t<div class=\"elementor-widget-container\">\n\t\t\t\t\t\t\t\t\t<p>*champs obligatoires<\/p>\t\t\t\t\t\t\t\t<\/div>\n\t\t\t\t<\/div>\n\t\t\t\t\t<\/div>\n\t\t<\/div>\n\t\t\t\t<div class=\"elementor-column elementor-col-50 elementor-top-column elementor-element elementor-element-f7ca314\" data-id=\"f7ca314\" data-element_type=\"column\" data-e-type=\"column\">\n\t\t\t<div class=\"elementor-widget-wrap elementor-element-populated\">\n\t\t\t\t\t\t<div class=\"elementor-element elementor-element-cb2c782 elementor-widget elementor-widget-shortcode\" data-id=\"cb2c782\" data-element_type=\"widget\" data-e-type=\"widget\" data-widget_type=\"shortcode.default\">\n\t\t\t\t<div class=\"elementor-widget-container\">\n\t\t\t\t\t\t\t<div class=\"elementor-shortcode\">[form id=\"502\"]<\/div>\n\t\t\t\t\t\t<\/div>\n\t\t\t\t<\/div>\n\t\t\t\t\t<\/div>\n\t\t<\/div>\n\t\t\t\t\t<\/div>\n\t\t<\/section>\n\t\t\t\t<section class=\"elementor-section elementor-top-section elementor-element elementor-element-c88bbd8 elementor-section-boxed elementor-section-height-default elementor-section-height-default\" data-id=\"c88bbd8\" data-element_type=\"section\" data-e-type=\"section\">\n\t\t\t\t\t\t<div class=\"elementor-container elementor-column-gap-default\">\n\t\t\t\t\t<div class=\"elementor-column elementor-col-100 elementor-top-column elementor-element elementor-element-4790c41\" data-id=\"4790c41\" data-element_type=\"column\" data-e-type=\"column\">\n\t\t\t<div class=\"elementor-widget-wrap elementor-element-populated\">\n\t\t\t\t\t\t<div class=\"elementor-element elementor-element-276c835 elementor-widget elementor-widget-spacer\" data-id=\"276c835\" data-element_type=\"widget\" data-e-type=\"widget\" data-widget_type=\"spacer.default\">\n\t\t\t\t<div class=\"elementor-widget-container\">\n\t\t\t\t\t\t\t<div class=\"elementor-spacer\">\n\t\t\t<div class=\"elementor-spacer-inner\"><\/div>\n\t\t<\/div>\n\t\t\t\t\t\t<\/div>\n\t\t\t\t<\/div>\n\t\t\t\t\t<\/div>\n\t\t<\/div>\n\t\t\t\t\t<\/div>\n\t\t<\/section>\n\t\t\t\t<\/div>\n\t\t","protected":false},"excerpt":{"rendered":"<p>T\u00c9L\u00c9CHARGER MON INVITATION Pour t\u00e9l\u00e9charger votre invitation gratuite au 11\u00e8me Salon du Camping-car de Clermont-Ferrand, merci de remplir le formulaire suivant. Si vous ne trouvez pas votre invitation dans votre&nbsp;boite mail, pensez \u00e0 regarder dans vos spams. Entr\u00e9e sans invitation : 2\u20ac\/personne *champs obligatoires [form id=&#8221;502&#8243;]<\/p>\n","protected":false},"author":2,"featured_media":0,"parent":0,"menu_order":0,"comment_status":"closed","ping_status":"closed","template":"page-templates\/template-pagebuilder-full-width.php","meta":{"_monsterinsights_skip_tracking":false,"_monsterinsights_sitenote_active":false,"_monsterinsights_sitenote_note":"","_monsterinsights_sitenote_category":0,"neve_meta_sidebar":"full-width","neve_meta_container":"","neve_meta_enable_content_width":"on","neve_meta_content_width":100,"neve_meta_title_alignment":"","neve_meta_author_avatar":"","neve_post_elements_order":"","neve_meta_disable_header":"","neve_meta_disable_footer":"","neve_meta_disable_title":"","footnotes":""},"class_list":["post-16","page","type-page","status-publish","hentry"],"yoast_head":"<!-- This site is optimized with the Yoast SEO plugin v27.3 - https:\/\/yoast.com\/product\/yoast-seo-wordpress\/ -->\n<title>Invitation - Salon du V\u00e9hicule de loisirs de Clermont-Ferrand<\/title>\n<meta name=\"description\" content=\"T\u00e9l\u00e9chargez votre invitation pour la 11\u00e8me \u00e9dition du Salon du Camping-car de Clermont-Ferrand ! Du 31\/10 au 03\/11 inclus !\" \/>\n<meta name=\"robots\" content=\"index, follow, max-snippet:-1, max-image-preview:large, max-video-preview:-1\" \/>\n<link rel=\"canonical\" href=\"https:\/\/salon-campingcar-clermontferrand.fr\/index.php\/invitation\/\" \/>\n<meta property=\"og:locale\" content=\"fr_FR\" \/>\n<meta property=\"og:type\" content=\"article\" \/>\n<meta property=\"og:title\" content=\"Invitation - Salon du V\u00e9hicule de loisirs de Clermont-Ferrand\" \/>\n<meta property=\"og:description\" content=\"T\u00e9l\u00e9chargez votre invitation pour la 11\u00e8me \u00e9dition du Salon du Camping-car de Clermont-Ferrand ! Du 31\/10 au 03\/11 inclus !\" \/>\n<meta property=\"og:url\" content=\"https:\/\/salon-campingcar-clermontferrand.fr\/index.php\/invitation\/\" \/>\n<meta property=\"og:site_name\" content=\"Salon du V\u00e9hicule de loisirs de Clermont-Ferrand\" \/>\n<meta property=\"article:publisher\" content=\"https:\/\/www.facebook.com\/salon.campingcar.clermontferrand\" \/>\n<meta property=\"article:modified_time\" content=\"2024-10-02T09:53:59+00:00\" \/>\n<meta name=\"twitter:card\" content=\"summary_large_image\" \/>\n<meta name=\"twitter:label1\" content=\"Dur\u00e9e de lecture estim\u00e9e\" \/>\n\t<meta name=\"twitter:data1\" content=\"1 minute\" \/>\n<script type=\"application\/ld+json\" class=\"yoast-schema-graph\">{\"@context\":\"https:\\\/\\\/schema.org\",\"@graph\":[{\"@type\":\"WebPage\",\"@id\":\"https:\\\/\\\/salon-campingcar-clermontferrand.fr\\\/index.php\\\/invitation\\\/\",\"url\":\"https:\\\/\\\/salon-campingcar-clermontferrand.fr\\\/index.php\\\/invitation\\\/\",\"name\":\"Invitation - Salon du V\u00e9hicule de loisirs de Clermont-Ferrand\",\"isPartOf\":{\"@id\":\"https:\\\/\\\/salon-campingcar-clermontferrand.fr\\\/#website\"},\"datePublished\":\"2021-02-22T10:12:16+00:00\",\"dateModified\":\"2024-10-02T09:53:59+00:00\",\"description\":\"T\u00e9l\u00e9chargez votre invitation pour la 11\u00e8me \u00e9dition du Salon du Camping-car de Clermont-Ferrand ! Du 31\\\/10 au 03\\\/11 inclus !\",\"breadcrumb\":{\"@id\":\"https:\\\/\\\/salon-campingcar-clermontferrand.fr\\\/index.php\\\/invitation\\\/#breadcrumb\"},\"inLanguage\":\"fr-FR\",\"potentialAction\":[{\"@type\":\"ReadAction\",\"target\":[\"https:\\\/\\\/salon-campingcar-clermontferrand.fr\\\/index.php\\\/invitation\\\/\"]}]},{\"@type\":\"BreadcrumbList\",\"@id\":\"https:\\\/\\\/salon-campingcar-clermontferrand.fr\\\/index.php\\\/invitation\\\/#breadcrumb\",\"itemListElement\":[{\"@type\":\"ListItem\",\"position\":1,\"name\":\"Accueil\",\"item\":\"https:\\\/\\\/salon-campingcar-clermontferrand.fr\\\/\"},{\"@type\":\"ListItem\",\"position\":2,\"name\":\"Invitation\"}]},{\"@type\":\"WebSite\",\"@id\":\"https:\\\/\\\/salon-campingcar-clermontferrand.fr\\\/#website\",\"url\":\"https:\\\/\\\/salon-campingcar-clermontferrand.fr\\\/\",\"name\":\"Salon du V\u00e9hicule de loisirs de Clermont-Ferrand\",\"description\":\"\",\"publisher\":{\"@id\":\"https:\\\/\\\/salon-campingcar-clermontferrand.fr\\\/#organization\"},\"potentialAction\":[{\"@type\":\"SearchAction\",\"target\":{\"@type\":\"EntryPoint\",\"urlTemplate\":\"https:\\\/\\\/salon-campingcar-clermontferrand.fr\\\/?s={search_term_string}\"},\"query-input\":{\"@type\":\"PropertyValueSpecification\",\"valueRequired\":true,\"valueName\":\"search_term_string\"}}],\"inLanguage\":\"fr-FR\"},{\"@type\":\"Organization\",\"@id\":\"https:\\\/\\\/salon-campingcar-clermontferrand.fr\\\/#organization\",\"name\":\"8\u00e8me Salon du Camping-car de Clermont-Ferrand\",\"url\":\"https:\\\/\\\/salon-campingcar-clermontferrand.fr\\\/\",\"logo\":{\"@type\":\"ImageObject\",\"inLanguage\":\"fr-FR\",\"@id\":\"https:\\\/\\\/salon-campingcar-clermontferrand.fr\\\/#\\\/schema\\\/logo\\\/image\\\/\",\"url\":\"https:\\\/\\\/salon-campingcar-clermontferrand.fr\\\/wp-content\\\/uploads\\\/2021\\\/02\\\/pastille-fb-instaV1.png\",\"contentUrl\":\"https:\\\/\\\/salon-campingcar-clermontferrand.fr\\\/wp-content\\\/uploads\\\/2021\\\/02\\\/pastille-fb-instaV1.png\",\"width\":1181,\"height\":1181,\"caption\":\"8\u00e8me Salon du Camping-car de Clermont-Ferrand\"},\"image\":{\"@id\":\"https:\\\/\\\/salon-campingcar-clermontferrand.fr\\\/#\\\/schema\\\/logo\\\/image\\\/\"},\"sameAs\":[\"https:\\\/\\\/www.facebook.com\\\/salon.campingcar.clermontferrand\",\"https:\\\/\\\/www.instagram.com\\\/salon.campingcar.clermont\\\/?hl=fr\"]}]}<\/script>\n<!-- \/ Yoast SEO plugin. -->","yoast_head_json":{"title":"Invitation - Salon du V\u00e9hicule de loisirs de Clermont-Ferrand","description":"T\u00e9l\u00e9chargez votre invitation pour la 11\u00e8me \u00e9dition du Salon du Camping-car de Clermont-Ferrand ! Du 31\/10 au 03\/11 inclus !","robots":{"index":"index","follow":"follow","max-snippet":"max-snippet:-1","max-image-preview":"max-image-preview:large","max-video-preview":"max-video-preview:-1"},"canonical":"https:\/\/salon-campingcar-clermontferrand.fr\/index.php\/invitation\/","og_locale":"fr_FR","og_type":"article","og_title":"Invitation - Salon du V\u00e9hicule de loisirs de Clermont-Ferrand","og_description":"T\u00e9l\u00e9chargez votre invitation pour la 11\u00e8me \u00e9dition du Salon du Camping-car de Clermont-Ferrand ! Du 31\/10 au 03\/11 inclus !","og_url":"https:\/\/salon-campingcar-clermontferrand.fr\/index.php\/invitation\/","og_site_name":"Salon du V\u00e9hicule de loisirs de Clermont-Ferrand","article_publisher":"https:\/\/www.facebook.com\/salon.campingcar.clermontferrand","article_modified_time":"2024-10-02T09:53:59+00:00","twitter_card":"summary_large_image","twitter_misc":{"Dur\u00e9e de lecture estim\u00e9e":"1 minute"},"schema":{"@context":"https:\/\/schema.org","@graph":[{"@type":"WebPage","@id":"https:\/\/salon-campingcar-clermontferrand.fr\/index.php\/invitation\/","url":"https:\/\/salon-campingcar-clermontferrand.fr\/index.php\/invitation\/","name":"Invitation - Salon du V\u00e9hicule de loisirs de Clermont-Ferrand","isPartOf":{"@id":"https:\/\/salon-campingcar-clermontferrand.fr\/#website"},"datePublished":"2021-02-22T10:12:16+00:00","dateModified":"2024-10-02T09:53:59+00:00","description":"T\u00e9l\u00e9chargez votre invitation pour la 11\u00e8me \u00e9dition du Salon du Camping-car de Clermont-Ferrand ! Du 31\/10 au 03\/11 inclus !","breadcrumb":{"@id":"https:\/\/salon-campingcar-clermontferrand.fr\/index.php\/invitation\/#breadcrumb"},"inLanguage":"fr-FR","potentialAction":[{"@type":"ReadAction","target":["https:\/\/salon-campingcar-clermontferrand.fr\/index.php\/invitation\/"]}]},{"@type":"BreadcrumbList","@id":"https:\/\/salon-campingcar-clermontferrand.fr\/index.php\/invitation\/#breadcrumb","itemListElement":[{"@type":"ListItem","position":1,"name":"Accueil","item":"https:\/\/salon-campingcar-clermontferrand.fr\/"},{"@type":"ListItem","position":2,"name":"Invitation"}]},{"@type":"WebSite","@id":"https:\/\/salon-campingcar-clermontferrand.fr\/#website","url":"https:\/\/salon-campingcar-clermontferrand.fr\/","name":"Salon du V\u00e9hicule de loisirs de Clermont-Ferrand","description":"","publisher":{"@id":"https:\/\/salon-campingcar-clermontferrand.fr\/#organization"},"potentialAction":[{"@type":"SearchAction","target":{"@type":"EntryPoint","urlTemplate":"https:\/\/salon-campingcar-clermontferrand.fr\/?s={search_term_string}"},"query-input":{"@type":"PropertyValueSpecification","valueRequired":true,"valueName":"search_term_string"}}],"inLanguage":"fr-FR"},{"@type":"Organization","@id":"https:\/\/salon-campingcar-clermontferrand.fr\/#organization","name":"8\u00e8me Salon du Camping-car de Clermont-Ferrand","url":"https:\/\/salon-campingcar-clermontferrand.fr\/","logo":{"@type":"ImageObject","inLanguage":"fr-FR","@id":"https:\/\/salon-campingcar-clermontferrand.fr\/#\/schema\/logo\/image\/","url":"https:\/\/salon-campingcar-clermontferrand.fr\/wp-content\/uploads\/2021\/02\/pastille-fb-instaV1.png","contentUrl":"https:\/\/salon-campingcar-clermontferrand.fr\/wp-content\/uploads\/2021\/02\/pastille-fb-instaV1.png","width":1181,"height":1181,"caption":"8\u00e8me Salon du Camping-car de Clermont-Ferrand"},"image":{"@id":"https:\/\/salon-campingcar-clermontferrand.fr\/#\/schema\/logo\/image\/"},"sameAs":["https:\/\/www.facebook.com\/salon.campingcar.clermontferrand","https:\/\/www.instagram.com\/salon.campingcar.clermont\/?hl=fr"]}]}},"_links":{"self":[{"href":"https:\/\/salon-campingcar-clermontferrand.fr\/index.php\/wp-json\/wp\/v2\/pages\/16","targetHints":{"allow":["GET"]}}],"collection":[{"href":"https:\/\/salon-campingcar-clermontferrand.fr\/index.php\/wp-json\/wp\/v2\/pages"}],"about":[{"href":"https:\/\/salon-campingcar-clermontferrand.fr\/index.php\/wp-json\/wp\/v2\/types\/page"}],"author":[{"embeddable":true,"href":"https:\/\/salon-campingcar-clermontferrand.fr\/index.php\/wp-json\/wp\/v2\/users\/2"}],"replies":[{"embeddable":true,"href":"https:\/\/salon-campingcar-clermontferrand.fr\/index.php\/wp-json\/wp\/v2\/comments?post=16"}],"version-history":[{"count":138,"href":"https:\/\/salon-campingcar-clermontferrand.fr\/index.php\/wp-json\/wp\/v2\/pages\/16\/revisions"}],"predecessor-version":[{"id":1851,"href":"https:\/\/salon-campingcar-clermontferrand.fr\/index.php\/wp-json\/wp\/v2\/pages\/16\/revisions\/1851"}],"wp:attachment":[{"href":"https:\/\/salon-campingcar-clermontferrand.fr\/index.php\/wp-json\/wp\/v2\/media?parent=16"}],"curies":[{"name":"wp","href":"https:\/\/api.w.org\/{rel}","templated":true}]}}